{"id":16678,"date":"2019-05-27T01:23:24","date_gmt":"2019-05-26T23:23:24","guid":{"rendered":"https:\/\/theplaceto-bees.com\/theplaceto-bees\/"},"modified":"2021-04-13T19:24:25","modified_gmt":"2021-04-13T17:24:25","slug":"theplaceto-bees","status":"publish","type":"page","link":"https:\/\/theplaceto-bees.com\/es\/","title":{"rendered":"Inicio"},"content":{"rendered":"<div class=\"wpb-content-wrapper\"><p>[vc_row css_animation=&#8221;&#8221; row_type=&#8221;row&#8221; use_row_as_full_screen_section=&#8221;no&#8221; type=&#8221;full_width&#8221; angled_section=&#8221;no&#8221; text_align=&#8221;left&#8221; background_image_as_pattern=&#8221;without_pattern&#8221; z_index=&#8221;&#8221;][vc_column width=&#8221;3\/12&#8243;][\/vc_column][vc_column width=&#8221;9\/12&#8243;][vc_single_image image=&#8221;16012&#8243; img_size=&#8221;full&#8221; qode_css_animation=&#8221;&#8221; css=&#8221;.vc_custom_1606229244261{padding-right: 2% !important;padding-left: 2% !important;}&#8221;][\/vc_column][\/vc_row][vc_row css_animation=&#8221;&#8221; row_type=&#8221;row&#8221; use_row_as_full_screen_section=&#8221;no&#8221; type=&#8221;full_width&#8221; angled_section=&#8221;no&#8221; text_align=&#8221;left&#8221; background_image_as_pattern=&#8221;without_pattern&#8221;][vc_column][vc_separator type=&#8221;transparent&#8221; up=&#8221;20&#8243;][\/vc_column][\/vc_row][vc_row css_animation=&#8221;&#8221; row_type=&#8221;row&#8221; use_row_as_full_screen_section=&#8221;no&#8221; type=&#8221;full_width&#8221; angled_section=&#8221;no&#8221; text_align=&#8221;left&#8221; background_image_as_pattern=&#8221;without_pattern&#8221;][vc_column width=&#8221;1\/12&#8243;][vc_separator type=&#8221;transparent&#8221; down=&#8221;50&#8243;][\/vc_column][vc_column width=&#8221;10\/12&#8243;][vc_column_text css=&#8221;.vc_custom_1606229294100{padding-right: 15% !important;padding-left: 15% !important;}&#8221;]<\/p>\n<h5 style=\"text-align: center;\">\u00abEste lugar\u2026 en cuanto pones un pie en \u00e9l, se apodera de ti\u2026 y te inventas las intenciones m\u00e1s loables del mundo para tener un pretexto para volver\u2026\u00bb<\/h5>\n<p>[\/vc_column_text][vc_column_text css=&#8221;.vc_custom_1606229143732{padding-top: 5px !important;}&#8221;]<\/p>\n<p style=\"text-align: center;\"><strong>STEPHEN KING<\/strong>, <em>escritor estadounidense.<\/em><\/p>\n<p>[\/vc_column_text][\/vc_column][vc_column width=&#8221;1\/12&#8243;][\/vc_column][\/vc_row][vc_row css_animation=&#8221;&#8221; row_type=&#8221;row&#8221; use_row_as_full_screen_section=&#8221;no&#8221; type=&#8221;full_width&#8221; angled_section=&#8221;no&#8221; text_align=&#8221;left&#8221; background_image_as_pattern=&#8221;without_pattern&#8221;][vc_column][vc_separator type=&#8221;transparent&#8221; down=&#8221;50&#8243;][\/vc_column][\/vc_row][vc_row css_animation=&#8221;&#8221; row_type=&#8221;row&#8221; use_row_as_full_screen_section=&#8221;yes&#8221; type=&#8221;grid&#8221; angled_section=&#8221;no&#8221; text_align=&#8221;center&#8221; background_image_as_pattern=&#8221;without_pattern&#8221; css=&#8221;.vc_custom_1558944192880{background-color: #f1761e !important;}&#8221; z_index=&#8221;&#8221;][vc_column width=&#8221;1\/6&#8243;][vc_single_image image=&#8221;16679&#8243; alignment=&#8221;center&#8221; qode_css_animation=&#8221;&#8221; css=&#8221;.vc_custom_1606229365765{margin-top: 0px !important;margin-bottom: 0px !important;border-top-width: 0px !important;border-bottom-width: 0px !important;padding-top: 0px !important;padding-bottom: 5px !important;}&#8221;][vc_column_text css=&#8221;.vc_custom_1606229357979{padding-top: 15% !important;padding-right: 0px !important;padding-bottom: 10% !important;padding-left: 0px !important;}&#8221;]<\/p>\n<h4><strong><span style=\"color: #ffffff;\">DOMICILIACI\u00d3N<br \/>\nCOWORKING<br \/>\nDESPACHO<\/span><\/strong><\/h4>\n<p>[\/vc_column_text][\/vc_column][vc_column width=&#8221;5\/6&#8243;][vc_single_image image=&#8221;16684&#8243; img_size=&#8221;full&#8221; qode_css_animation=&#8221;element_from_right&#8221;][\/vc_column][\/vc_row][vc_row css_animation=&#8221;&#8221; row_type=&#8221;row&#8221; use_row_as_full_screen_section=&#8221;no&#8221; type=&#8221;full_width&#8221; angled_section=&#8221;no&#8221; text_align=&#8221;left&#8221; background_image_as_pattern=&#8221;without_pattern&#8221;][vc_column][vc_separator type=&#8221;transparent&#8221; down=&#8221;25&#8243;][\/vc_column][\/vc_row][vc_row css_animation=&#8221;&#8221; row_type=&#8221;row&#8221; use_row_as_full_screen_section=&#8221;no&#8221; type=&#8221;grid&#8221; angled_section=&#8221;no&#8221; text_align=&#8221;left&#8221; background_image_as_pattern=&#8221;without_pattern&#8221; z_index=&#8221;&#8221;][vc_column][vc_single_image image=&#8221;16683&#8243; img_size=&#8221;large&#8221; alignment=&#8221;center&#8221; qode_css_animation=&#8221;&#8221; css=&#8221;.vc_custom_1606229456849{padding-top: 15px !important;padding-bottom: 15px !important;}&#8221;][\/vc_column][\/vc_row][vc_row css_animation=&#8221;&#8221; row_type=&#8221;row&#8221; use_row_as_full_screen_section=&#8221;no&#8221; type=&#8221;full_width&#8221; angled_section=&#8221;no&#8221; text_align=&#8221;left&#8221; background_image_as_pattern=&#8221;without_pattern&#8221;][vc_column][vc_separator type=&#8221;transparent&#8221; down=&#8221;25&#8243;][\/vc_column][\/vc_row][vc_row css_animation=&#8221;&#8221; row_type=&#8221;row&#8221; use_row_as_full_screen_section=&#8221;no&#8221; type=&#8221;grid&#8221; angled_section=&#8221;no&#8221; text_align=&#8221;left&#8221; background_image_as_pattern=&#8221;without_pattern&#8221; z_index=&#8221;&#8221;][vc_column width=&#8221;1\/6&#8243;][\/vc_column][vc_column width=&#8221;5\/6&#8243;][vc_column_text]<\/p>\n<h4><strong>\u00bfEstas buscando un lugar para tu pr\u00f3xima reuni\u00f3n, una sala de reuniones?<\/strong><\/h4>\n<p>[\/vc_column_text][vc_separator type=&#8221;transparent&#8221;][vc_column_text]<\/p>\n<h4><strong>\u00bfQuieres domiciliar su empresa?<\/strong><\/h4>\n<p>[\/vc_column_text][vc_separator type=&#8221;transparent&#8221;][vc_column_text]<\/p>\n<h3><span style=\"color: #f27620;\">&gt;&gt; PARA ESO ESTAMOS AQU\u00cd!<\/span><\/h3>\n<p>[\/vc_column_text][vc_separator type=&#8221;transparent&#8221; up=&#8221;20&#8243; down=&#8221;40&#8243;][vc_column_text]<\/p>\n<h4>The Place to Bees est\u00e1 aqu\u00ed para facilitar el establecimiento y desarrollo de su empresa. Le ofrecemos soluciones de domiciliaci\u00f3n, alquiler de oficinas amuebladas y salas de reuniones, en pleno centro de Lyon.<\/h4>\n<p>[\/vc_column_text][vc_column_text css=&#8221;.vc_custom_1606229645886{padding-top: 10px !important;}&#8221;]<\/p>\n<h4>Nuestro centro de negocios te facilita la vida para que puedas concentrarte en lo esencial: permanencia telef\u00f3nica, servicios de secretar\u00eda, Wi-Fi de alta velocidad, videoconferencia. Si lo deseas, tambi\u00e9n podemos organizar un caf\u00e9 de recepci\u00f3n con boller\u00eda o un almuerzo con bandejas de comida.<\/h4>\n<p>[\/vc_column_text][vc_separator type=&#8221;transparent&#8221;][vc_column_text]<\/p>\n<h3><a href=\"https:\/\/theplaceto-bees.com\/es\/welcome-bees\/\"><span style=\"color: #f27620;\">\u00bfQUIERES SABER M\u00c1S? \u00a1YA EST\u00c1 AQU\u00cd!<\/span><\/a><\/h3>\n<p>[\/vc_column_text][\/vc_column][\/vc_row][vc_row css_animation=&#8221;&#8221; row_type=&#8221;row&#8221; use_row_as_full_screen_section=&#8221;no&#8221; type=&#8221;full_width&#8221; angled_section=&#8221;no&#8221; text_align=&#8221;left&#8221; background_image_as_pattern=&#8221;without_pattern&#8221;][vc_column][vc_separator type=&#8221;transparent&#8221; down=&#8221;25&#8243; up=&#8221;25&#8243;][\/vc_column][\/vc_row]<\/p>\n<\/div>","protected":false},"excerpt":{"rendered":"<p>[vc_row css_animation=&#8221;&#8221; row_type=&#8221;row&#8221; use_row_as_full_screen_section=&#8221;no&#8221; type=&#8221;full_width&#8221; angled_section=&#8221;no&#8221; text_align=&#8221;left&#8221; background_image_as_pattern=&#8221;without_pattern&#8221; z_index=&#8221;&#8221;][vc_column width=&#8221;3\/12&#8243;][\/vc_column][vc_column width=&#8221;9\/12&#8243;][vc_single_image image=&#8221;16012&#8243; img_size=&#8221;full&#8221; qode_css_animation=&#8221;&#8221; css=&#8221;.vc_custom_1606229244261{padding-right: 2% !important;padding-left: 2% !important;}&#8221;][\/vc_column][\/vc_row][vc_row css_animation=&#8221;&#8221; row_type=&#8221;row&#8221; use_row_as_full_screen_section=&#8221;no&#8221; type=&#8221;full_width&#8221; angled_section=&#8221;no&#8221; text_align=&#8221;left&#8221; background_image_as_pattern=&#8221;without_pattern&#8221;][vc_column][vc_separator type=&#8221;transparent&#8221; up=&#8221;20&#8243;][\/vc_column][\/vc_row][vc_row css_animation=&#8221;&#8221; row_type=&#8221;row&#8221; use_row_as_full_screen_section=&#8221;no&#8221; type=&#8221;full_width&#8221; angled_section=&#8221;no&#8221; text_align=&#8221;left&#8221; background_image_as_pattern=&#8221;without_pattern&#8221;][vc_column width=&#8221;1\/12&#8243;][vc_separator type=&#8221;transparent&#8221; down=&#8221;50&#8243;][\/vc_column][vc_column width=&#8221;10\/12&#8243;][vc_column_text css=&#8221;.vc_custom_1606229294100{padding-right: 15% !important;padding-left: 15% !important;}&#8221;] \u00abEste&#8230;<\/p>\n","protected":false},"author":5,"featured_media":0,"parent":0,"menu_order":0,"comment_status":"closed","ping_status":"closed","template":"full_width.php","meta":{"footnotes":""},"class_list":["post-16678","page","type-page","status-publish","hentry"],"yoast_head":"<!-- This site is optimized with the Yoast SEO plugin v25.1 - https:\/\/yoast.com\/wordpress\/plugins\/seo\/ -->\n<title>Inicio - The place to Bees<\/title>\n<meta name=\"robots\" content=\"index, follow, max-snippet:-1, max-image-preview:large, max-video-preview:-1\" \/>\n<link rel=\"canonical\" href=\"https:\/\/theplaceto-bees.com\/es\/\" \/>\n<meta property=\"og:locale\" content=\"es_ES\" \/>\n<meta property=\"og:type\" content=\"article\" \/>\n<meta property=\"og:title\" content=\"Inicio - The place to Bees\" \/>\n<meta property=\"og:description\" content=\"[vc_row css_animation=&#8221;&#8221; row_type=&#8221;row&#8221; use_row_as_full_screen_section=&#8221;no&#8221; type=&#8221;full_width&#8221; angled_section=&#8221;no&#8221; text_align=&#8221;left&#8221; background_image_as_pattern=&#8221;without_pattern&#8221; z_index=&#8221;&#8221;][vc_column width=&#8221;3\/12&#8243;][\/vc_column][vc_column width=&#8221;9\/12&#8243;][vc_single_image image=&#8221;16012&#8243; img_size=&#8221;full&#8221; qode_css_animation=&#8221;&#8221; css=&#8221;.vc_custom_1606229244261{padding-right: 2% !important;padding-left: 2% !important;}&#8221;][\/vc_column][\/vc_row][vc_row css_animation=&#8221;&#8221; row_type=&#8221;row&#8221; use_row_as_full_screen_section=&#8221;no&#8221; type=&#8221;full_width&#8221; angled_section=&#8221;no&#8221; text_align=&#8221;left&#8221; background_image_as_pattern=&#8221;without_pattern&#8221;][vc_column][vc_separator type=&#8221;transparent&#8221; up=&#8221;20&#8243;][\/vc_column][\/vc_row][vc_row css_animation=&#8221;&#8221; row_type=&#8221;row&#8221; use_row_as_full_screen_section=&#8221;no&#8221; type=&#8221;full_width&#8221; angled_section=&#8221;no&#8221; text_align=&#8221;left&#8221; background_image_as_pattern=&#8221;without_pattern&#8221;][vc_column width=&#8221;1\/12&#8243;][vc_separator type=&#8221;transparent&#8221; down=&#8221;50&#8243;][\/vc_column][vc_column width=&#8221;10\/12&#8243;][vc_column_text css=&#8221;.vc_custom_1606229294100{padding-right: 15% !important;padding-left: 15% !important;}&#8221;] \u00abEste...\" \/>\n<meta property=\"og:url\" content=\"https:\/\/theplaceto-bees.com\/es\/\" \/>\n<meta property=\"og:site_name\" content=\"The place to Bees\" \/>\n<meta property=\"article:modified_time\" content=\"2021-04-13T17:24:25+00:00\" \/>\n<meta name=\"twitter:card\" content=\"summary_large_image\" \/>\n<meta name=\"twitter:label1\" content=\"Tiempo de lectura\" \/>\n\t<meta name=\"twitter:data1\" content=\"2 minutos\" \/>\n<script type=\"application\/ld+json\" class=\"yoast-schema-graph\">{\"@context\":\"https:\/\/schema.org\",\"@graph\":[{\"@type\":\"WebPage\",\"@id\":\"https:\/\/theplaceto-bees.com\/es\/\",\"url\":\"https:\/\/theplaceto-bees.com\/es\/\",\"name\":\"Inicio - The place to Bees\",\"isPartOf\":{\"@id\":\"https:\/\/theplaceto-bees.com\/#website\"},\"datePublished\":\"2019-05-26T23:23:24+00:00\",\"dateModified\":\"2021-04-13T17:24:25+00:00\",\"breadcrumb\":{\"@id\":\"https:\/\/theplaceto-bees.com\/es\/#breadcrumb\"},\"inLanguage\":\"es\",\"potentialAction\":[{\"@type\":\"ReadAction\",\"target\":[\"https:\/\/theplaceto-bees.com\/es\/\"]}]},{\"@type\":\"BreadcrumbList\",\"@id\":\"https:\/\/theplaceto-bees.com\/es\/#breadcrumb\",\"itemListElement\":[{\"@type\":\"ListItem\",\"position\":1,\"name\":\"Accueil\",\"item\":\"https:\/\/theplaceto-bees.com\/es\/\"},{\"@type\":\"ListItem\",\"position\":2,\"name\":\"Inicio\"}]},{\"@type\":\"WebSite\",\"@id\":\"https:\/\/theplaceto-bees.com\/#website\",\"url\":\"https:\/\/theplaceto-bees.com\/\",\"name\":\"The place to Bees\",\"description\":\"Innover l&#039;entreprise\",\"publisher\":{\"@id\":\"https:\/\/theplaceto-bees.com\/#organization\"},\"potentialAction\":[{\"@type\":\"SearchAction\",\"target\":{\"@type\":\"EntryPoint\",\"urlTemplate\":\"https:\/\/theplaceto-bees.com\/?s={search_term_string}\"},\"query-input\":{\"@type\":\"PropertyValueSpecification\",\"valueRequired\":true,\"valueName\":\"search_term_string\"}}],\"inLanguage\":\"es\"},{\"@type\":\"Organization\",\"@id\":\"https:\/\/theplaceto-bees.com\/#organization\",\"name\":\"The Place to Bees\",\"url\":\"https:\/\/theplaceto-bees.com\/\",\"logo\":{\"@type\":\"ImageObject\",\"inLanguage\":\"es\",\"@id\":\"https:\/\/theplaceto-bees.com\/#\/schema\/logo\/image\/\",\"url\":\"https:\/\/theplaceto-bees.com\/wp-content\/uploads\/2019\/05\/logo_the_place_to_bees_500px.jpg\",\"contentUrl\":\"https:\/\/theplaceto-bees.com\/wp-content\/uploads\/2019\/05\/logo_the_place_to_bees_500px.jpg\",\"width\":500,\"height\":275,\"caption\":\"The Place to Bees\"},\"image\":{\"@id\":\"https:\/\/theplaceto-bees.com\/#\/schema\/logo\/image\/\"}}]}<\/script>\n<!-- \/ Yoast SEO plugin. -->","yoast_head_json":{"title":"Inicio - The place to Bees","robots":{"index":"index","follow":"follow","max-snippet":"max-snippet:-1","max-image-preview":"max-image-preview:large","max-video-preview":"max-video-preview:-1"},"canonical":"https:\/\/theplaceto-bees.com\/es\/","og_locale":"es_ES","og_type":"article","og_title":"Inicio - The place to Bees","og_description":"[vc_row css_animation=&#8221;&#8221; row_type=&#8221;row&#8221; use_row_as_full_screen_section=&#8221;no&#8221; type=&#8221;full_width&#8221; angled_section=&#8221;no&#8221; text_align=&#8221;left&#8221; background_image_as_pattern=&#8221;without_pattern&#8221; z_index=&#8221;&#8221;][vc_column width=&#8221;3\/12&#8243;][\/vc_column][vc_column width=&#8221;9\/12&#8243;][vc_single_image image=&#8221;16012&#8243; img_size=&#8221;full&#8221; qode_css_animation=&#8221;&#8221; css=&#8221;.vc_custom_1606229244261{padding-right: 2% !important;padding-left: 2% !important;}&#8221;][\/vc_column][\/vc_row][vc_row css_animation=&#8221;&#8221; row_type=&#8221;row&#8221; use_row_as_full_screen_section=&#8221;no&#8221; type=&#8221;full_width&#8221; angled_section=&#8221;no&#8221; text_align=&#8221;left&#8221; background_image_as_pattern=&#8221;without_pattern&#8221;][vc_column][vc_separator type=&#8221;transparent&#8221; up=&#8221;20&#8243;][\/vc_column][\/vc_row][vc_row css_animation=&#8221;&#8221; row_type=&#8221;row&#8221; use_row_as_full_screen_section=&#8221;no&#8221; type=&#8221;full_width&#8221; angled_section=&#8221;no&#8221; text_align=&#8221;left&#8221; background_image_as_pattern=&#8221;without_pattern&#8221;][vc_column width=&#8221;1\/12&#8243;][vc_separator type=&#8221;transparent&#8221; down=&#8221;50&#8243;][\/vc_column][vc_column width=&#8221;10\/12&#8243;][vc_column_text css=&#8221;.vc_custom_1606229294100{padding-right: 15% !important;padding-left: 15% !important;}&#8221;] \u00abEste...","og_url":"https:\/\/theplaceto-bees.com\/es\/","og_site_name":"The place to Bees","article_modified_time":"2021-04-13T17:24:25+00:00","twitter_card":"summary_large_image","twitter_misc":{"Tiempo de lectura":"2 minutos"},"schema":{"@context":"https:\/\/schema.org","@graph":[{"@type":"WebPage","@id":"https:\/\/theplaceto-bees.com\/es\/","url":"https:\/\/theplaceto-bees.com\/es\/","name":"Inicio - The place to Bees","isPartOf":{"@id":"https:\/\/theplaceto-bees.com\/#website"},"datePublished":"2019-05-26T23:23:24+00:00","dateModified":"2021-04-13T17:24:25+00:00","breadcrumb":{"@id":"https:\/\/theplaceto-bees.com\/es\/#breadcrumb"},"inLanguage":"es","potentialAction":[{"@type":"ReadAction","target":["https:\/\/theplaceto-bees.com\/es\/"]}]},{"@type":"BreadcrumbList","@id":"https:\/\/theplaceto-bees.com\/es\/#breadcrumb","itemListElement":[{"@type":"ListItem","position":1,"name":"Accueil","item":"https:\/\/theplaceto-bees.com\/es\/"},{"@type":"ListItem","position":2,"name":"Inicio"}]},{"@type":"WebSite","@id":"https:\/\/theplaceto-bees.com\/#website","url":"https:\/\/theplaceto-bees.com\/","name":"The place to Bees","description":"Innover l&#039;entreprise","publisher":{"@id":"https:\/\/theplaceto-bees.com\/#organization"},"potentialAction":[{"@type":"SearchAction","target":{"@type":"EntryPoint","urlTemplate":"https:\/\/theplaceto-bees.com\/?s={search_term_string}"},"query-input":{"@type":"PropertyValueSpecification","valueRequired":true,"valueName":"search_term_string"}}],"inLanguage":"es"},{"@type":"Organization","@id":"https:\/\/theplaceto-bees.com\/#organization","name":"The Place to Bees","url":"https:\/\/theplaceto-bees.com\/","logo":{"@type":"ImageObject","inLanguage":"es","@id":"https:\/\/theplaceto-bees.com\/#\/schema\/logo\/image\/","url":"https:\/\/theplaceto-bees.com\/wp-content\/uploads\/2019\/05\/logo_the_place_to_bees_500px.jpg","contentUrl":"https:\/\/theplaceto-bees.com\/wp-content\/uploads\/2019\/05\/logo_the_place_to_bees_500px.jpg","width":500,"height":275,"caption":"The Place to Bees"},"image":{"@id":"https:\/\/theplaceto-bees.com\/#\/schema\/logo\/image\/"}}]}},"_links":{"self":[{"href":"https:\/\/theplaceto-bees.com\/es\/wp-json\/wp\/v2\/pages\/16678","targetHints":{"allow":["GET"]}}],"collection":[{"href":"https:\/\/theplaceto-bees.com\/es\/wp-json\/wp\/v2\/pages"}],"about":[{"href":"https:\/\/theplaceto-bees.com\/es\/wp-json\/wp\/v2\/types\/page"}],"author":[{"embeddable":true,"href":"https:\/\/theplaceto-bees.com\/es\/wp-json\/wp\/v2\/users\/5"}],"replies":[{"embeddable":true,"href":"https:\/\/theplaceto-bees.com\/es\/wp-json\/wp\/v2\/comments?post=16678"}],"version-history":[{"count":0,"href":"https:\/\/theplaceto-bees.com\/es\/wp-json\/wp\/v2\/pages\/16678\/revisions"}],"wp:attachment":[{"href":"https:\/\/theplaceto-bees.com\/es\/wp-json\/wp\/v2\/media?parent=16678"}],"curies":[{"name":"wp","href":"https:\/\/api.w.org\/{rel}","templated":true}]}}