{"id":16655,"date":"2021-04-01T18:39:15","date_gmt":"2021-04-01T16:39:15","guid":{"rendered":"https:\/\/theplaceto-bees.com\/?page_id=16655"},"modified":"2021-04-06T15:42:18","modified_gmt":"2021-04-06T13:42:18","slug":"welcome-bees","status":"publish","type":"page","link":"https:\/\/theplaceto-bees.com\/es\/welcome-bees\/","title":{"rendered":"Welcome Bees"},"content":{"rendered":"<div class=\"wpb-content-wrapper\"><p>[vc_row css_animation=&#8221;&#8221; row_type=&#8221;row&#8221; use_row_as_full_screen_section=&#8221;no&#8221; type=&#8221;full_width&#8221; angled_section=&#8221;no&#8221; text_align=&#8221;left&#8221; background_image_as_pattern=&#8221;without_pattern&#8221;][vc_column offset=&#8221;vc_hidden-sm vc_hidden-xs&#8221;][vc_separator type=&#8221;transparent&#8221; down=&#8221;10&#8243;][\/vc_column][\/vc_row][vc_row css_animation=&#8221;&#8221; row_type=&#8221;row&#8221; use_row_as_full_screen_section=&#8221;yes&#8221; type=&#8221;grid&#8221; angled_section=&#8221;no&#8221; text_align=&#8221;center&#8221; background_image_as_pattern=&#8221;without_pattern&#8221; css=&#8221;.vc_custom_1558944192880{background-color: #f1761e !important;}&#8221; z_index=&#8221;&#8221;][vc_column width=&#8221;1\/6&#8243; offset=&#8221;vc_hidden-sm vc_hidden-xs&#8221;][vc_column_text css=&#8221;.vc_custom_1606224779894{padding-top: 30% !important;padding-right: 0px !important;padding-bottom: 10% !important;padding-left: 0px !important;}&#8221;]<\/p>\n<h1>Welcome<br \/>\nBees<\/h1>\n<p>[\/vc_column_text][\/vc_column][vc_column width=&#8221;5\/6&#8243; offset=&#8221;vc_hidden-sm vc_hidden-xs&#8221;][vc_single_image image=&#8221;16656&#8243; img_size=&#8221;full&#8221; qode_css_animation=&#8221;element_from_right&#8221;][\/vc_column][\/vc_row][vc_row css_animation=&#8221;&#8221; row_type=&#8221;row&#8221; use_row_as_full_screen_section=&#8221;yes&#8221; type=&#8221;grid&#8221; angled_section=&#8221;no&#8221; text_align=&#8221;center&#8221; background_image_as_pattern=&#8221;without_pattern&#8221; css=&#8221;.vc_custom_1607006759274{background-color: #f1761e !important;}&#8221; z_index=&#8221;&#8221;][vc_column width=&#8221;1\/6&#8243; offset=&#8221;vc_hidden-lg vc_hidden-md&#8221;][vc_column_text css=&#8221;.vc_custom_1607006943150{padding-bottom: 40px !important;}&#8221;]<\/p>\n<h1>Welcome<br \/>\nBees<\/h1>\n<p>[\/vc_column_text][\/vc_column][vc_column width=&#8221;5\/6&#8243; offset=&#8221;vc_hidden-lg vc_hidden-md vc_hidden-sm vc_hidden-xs&#8221;][vc_single_image image=&#8221;16656&#8243; img_size=&#8221;full&#8221; alignment=&#8221;center&#8221; qode_css_animation=&#8221;element_from_right&#8221;][\/vc_column][\/vc_row][vc_row css_animation=&#8221;&#8221; row_type=&#8221;row&#8221; use_row_as_full_screen_section=&#8221;no&#8221; type=&#8221;full_width&#8221; angled_section=&#8221;no&#8221; text_align=&#8221;left&#8221; background_image_as_pattern=&#8221;without_pattern&#8221;][vc_column][vc_separator type=&#8221;transparent&#8221; down=&#8221;25&#8243;][\/vc_column][\/vc_row][vc_row css_animation=&#8221;&#8221; row_type=&#8221;row&#8221; use_row_as_full_screen_section=&#8221;no&#8221; type=&#8221;grid&#8221; angled_section=&#8221;no&#8221; text_align=&#8221;left&#8221; background_image_as_pattern=&#8221;without_pattern&#8221; z_index=&#8221;&#8221;][vc_column width=&#8221;1\/6&#8243;][\/vc_column][vc_column width=&#8221;7\/12&#8243;][vc_column_text]<\/p>\n<h2>\u00bfNECESITAS UNA OFICINA?<\/h2>\n<p>[\/vc_column_text][vc_separator type=&#8221;small&#8221; position=&#8221;left&#8221; color=&#8221;#203c5c&#8221; thickness=&#8221;4&#8243; width=&#8221;45&#8243; up=&#8221;7&#8243; down=&#8221;40&#8243;][vc_column_text]<\/p>\n<h4>Adem\u00e1s de la domiciliaci\u00f3n comercial de su sede social o de su actividad secundaria, le ofrecemos despachos amueblados, salas de reuniones y un espacio de coworking para satisfacer sus necesidades.<\/h4>\n<p>[\/vc_column_text][vc_column_text css=&#8221;.vc_custom_1606211426674{padding-top: 5% !important;padding-bottom: 5% !important;}&#8221;]<\/p>\n<h4><strong>&gt; Un espacio de trabajo ideal<\/strong><\/h4>\n<p>[\/vc_column_text][vc_column_text]<\/p>\n<h4>Aparcamiento privado, acceso r\u00e1pido y f\u00e1cil a Wi-Fi de alta velocidad, servicios de impresi\u00f3n, escaneo y fotocopias.<\/h4>\n<p>[\/vc_column_text][vc_column_text css=&#8221;.vc_custom_1606212192081{padding-top: 3% !important;}&#8221;]<\/p>\n<h4>Ya sea un empleado que trabaja a distancia, un empresario n\u00f3mada o un aut\u00f3nomo, encuentra el espacio que te convenga.<\/h4>\n<p>[\/vc_column_text][vc_column_text css=&#8221;.vc_custom_1606212198045{padding-top: 3% !important;}&#8221;]<\/p>\n<h4>Nuestras ofertas a medida pueden adaptarse a la hora, el d\u00eda, la semana, el mes o el a\u00f1o&#8230;<\/h4>\n<p>[\/vc_column_text][\/vc_column][vc_column width=&#8221;3\/12&#8243;][vc_single_image image=&#8221;16657&#8243; img_size=&#8221;209&#215;265&#8243; alignment=&#8221;center&#8221; qode_css_animation=&#8221;&#8221; css=&#8221;.vc_custom_1607006056275{padding-top: 15px !important;padding-bottom: 10% !important;}&#8221;][vc_single_image image=&#8221;16658&#8243; img_size=&#8221;full&#8221; qode_css_animation=&#8221;&#8221;][\/vc_column][\/vc_row][vc_row css_animation=&#8221;&#8221; row_type=&#8221;row&#8221; use_row_as_full_screen_section=&#8221;no&#8221; type=&#8221;full_width&#8221; angled_section=&#8221;no&#8221; text_align=&#8221;left&#8221; background_image_as_pattern=&#8221;without_pattern&#8221;][vc_column][vc_separator type=&#8221;transparent&#8221; down=&#8221;25&#8243;][\/vc_column][\/vc_row][vc_row css_animation=&#8221;&#8221; row_type=&#8221;row&#8221; use_row_as_full_screen_section=&#8221;no&#8221; type=&#8221;grid&#8221; angled_section=&#8221;no&#8221; text_align=&#8221;left&#8221; background_image_as_pattern=&#8221;without_pattern&#8221; z_index=&#8221;&#8221;][vc_column width=&#8221;1\/6&#8243;]<span data-type=\"normal\"  class=\"qode_icon_shortcode  q_font_awsome_icon fa-2x pull-right \" style=\" \"><i class=\"qode_icon_font_awesome fa fa-arrow-right qode_icon_element\" style=\"color: #f27620;\" ><\/i><\/span>[\/vc_column][vc_column width=&#8221;5\/6&#8243;][vc_column_text]<\/p>\n<h3><span style=\"color: #f27620;\">Por ejemplo, una oficina privada amueblada de 10 a 12 m<sup>2<\/sup>, a partir de 400 euros HT al mes.<\/span><\/h3>\n<p>[\/vc_column_text][\/vc_column][\/vc_row][vc_row css_animation=&#8221;&#8221; row_type=&#8221;row&#8221; use_row_as_full_screen_section=&#8221;no&#8221; type=&#8221;full_width&#8221; angled_section=&#8221;no&#8221; text_align=&#8221;left&#8221; background_image_as_pattern=&#8221;without_pattern&#8221;][vc_column][vc_separator type=&#8221;transparent&#8221; down=&#8221;50&#8243; up=&#8221;40&#8243;][\/vc_column][\/vc_row][vc_row css_animation=&#8221;&#8221; row_type=&#8221;row&#8221; use_row_as_full_screen_section=&#8221;no&#8221; type=&#8221;grid&#8221; angled_section=&#8221;no&#8221; text_align=&#8221;left&#8221; background_image_as_pattern=&#8221;without_pattern&#8221; z_index=&#8221;&#8221;][vc_column width=&#8221;1\/6&#8243;][\/vc_column][vc_column width=&#8221;5\/6&#8243;][vc_column_text]<\/p>\n<h2>\u00bfUNA REUNI\u00d3N EN PERSPECTIVA?<\/h2>\n<p>[\/vc_column_text][vc_separator type=&#8221;small&#8221; position=&#8221;left&#8221; color=&#8221;#203c5c&#8221; thickness=&#8221;4&#8243; width=&#8221;45&#8243; up=&#8221;7&#8243; down=&#8221;40&#8243;][vc_column_text]<\/p>\n<h4><strong><em>\u00a1Aprovecha un ambiente acogedor, situado bajo el signo del Street Art, para dar vida a tus reuniones!<\/em><\/strong><\/h4>\n<p>[\/vc_column_text][vc_column_text css=&#8221;.vc_custom_1606212895302{padding-top: 3% !important;}&#8221;]<\/p>\n<h4>Todas nuestras salas est\u00e1n equipadas con un proyector de v\u00eddeo, una pizarra y tienen wifi. Podemos personalizar la acogida de tus visitantes y ofrecerles un caf\u00e9 de recepci\u00f3n con sabrosas pastas, as\u00ed como bandejas de comida (a petici\u00f3n).<\/h4>\n<p>[\/vc_column_text][\/vc_column][\/vc_row][vc_row css_animation=&#8221;&#8221; row_type=&#8221;row&#8221; use_row_as_full_screen_section=&#8221;no&#8221; type=&#8221;full_width&#8221; angled_section=&#8221;no&#8221; text_align=&#8221;left&#8221; background_image_as_pattern=&#8221;without_pattern&#8221;][vc_column][vc_separator type=&#8221;transparent&#8221; down=&#8221;25&#8243;][\/vc_column][\/vc_row][vc_row css_animation=&#8221;&#8221; row_type=&#8221;row&#8221; use_row_as_full_screen_section=&#8221;no&#8221; type=&#8221;grid&#8221; angled_section=&#8221;no&#8221; text_align=&#8221;left&#8221; background_image_as_pattern=&#8221;without_pattern&#8221; z_index=&#8221;&#8221;][vc_column width=&#8221;1\/6&#8243;]<span data-type=\"normal\"  class=\"qode_icon_shortcode  q_font_awsome_icon fa-2x pull-right \" style=\" \"><i class=\"qode_icon_font_awesome fa fa-arrow-right qode_icon_element\" style=\"color: #f27620;\" ><\/i><\/span>[\/vc_column][vc_column width=&#8221;5\/6&#8243;][vc_column_text]<\/p>\n<h3><span style=\"color: #f27620;\">Por ejemplo, una habitaci\u00f3n equipada de 20 m<sup>2<\/sup> para 8 personas, a partir de 120 euros HT por d\u00eda.<\/h3>\n<p>[\/vc_column_text][\/vc_column][\/vc_row][vc_row css_animation=&#8221;&#8221; row_type=&#8221;row&#8221; use_row_as_full_screen_section=&#8221;no&#8221; type=&#8221;full_width&#8221; angled_section=&#8221;no&#8221; text_align=&#8221;left&#8221; background_image_as_pattern=&#8221;without_pattern&#8221;][vc_column][vc_separator type=&#8221;transparent&#8221; down=&#8221;25&#8243; up=&#8221;25&#8243;][\/vc_column][\/vc_row][vc_row css_animation=&#8221;&#8221; row_type=&#8221;row&#8221; use_row_as_full_screen_section=&#8221;yes&#8221; type=&#8221;full_width&#8221; angled_section=&#8221;no&#8221; text_align=&#8221;center&#8221; background_image_as_pattern=&#8221;without_pattern&#8221; z_index=&#8221;&#8221;][vc_column width=&#8221;1\/12&#8243;][\/vc_column][vc_column width=&#8221;11\/12&#8243; offset=&#8221;vc_hidden-sm vc_hidden-xs&#8221;][vc_single_image image=&#8221;16659&#8243; img_size=&#8221;full&#8221; qode_css_animation=&#8221;&#8221;][\/vc_column][\/vc_row][vc_row css_animation=&#8221;&#8221; row_type=&#8221;row&#8221; use_row_as_full_screen_section=&#8221;yes&#8221; type=&#8221;full_width&#8221; angled_section=&#8221;no&#8221; text_align=&#8221;center&#8221; background_image_as_pattern=&#8221;without_pattern&#8221; z_index=&#8221;&#8221;][vc_column offset=&#8221;vc_hidden-lg vc_hidden-md&#8221;][vc_single_image image=&#8221;16663&#8243; img_size=&#8221;full&#8221; qode_css_animation=&#8221;&#8221;][vc_single_image image=&#8221;16662&#8243; img_size=&#8221;full&#8221; qode_css_animation=&#8221;&#8221;][\/vc_column][\/vc_row][vc_row css_animation=&#8221;&#8221; row_type=&#8221;row&#8221; use_row_as_full_screen_section=&#8221;no&#8221; type=&#8221;full_width&#8221; angled_section=&#8221;no&#8221; text_align=&#8221;left&#8221; background_image_as_pattern=&#8221;without_pattern&#8221;][vc_column][vc_separator type=&#8221;transparent&#8221; down=&#8221;50&#8243; up=&#8221;50&#8243;][\/vc_column][\/vc_row][vc_row css_animation=&#8221;&#8221; row_type=&#8221;row&#8221; use_row_as_full_screen_section=&#8221;no&#8221; type=&#8221;grid&#8221; angled_section=&#8221;no&#8221; text_align=&#8221;left&#8221; background_image_as_pattern=&#8221;without_pattern&#8221; z_index=&#8221;&#8221;][vc_column width=&#8221;1\/6&#8243;][\/vc_column][vc_column width=&#8221;5\/6&#8243;][vc_column_text]<\/p>\n<h2>\u00bfQUIERES ACOGER A TU EMPRESA?<\/h2>\n<p>[\/vc_column_text][vc_separator type=&#8221;small&#8221; position=&#8221;left&#8221; color=&#8221;#203c5c&#8221; thickness=&#8221;4&#8243; width=&#8221;45&#8243; up=&#8221;7&#8243; down=&#8221;40&#8243;][vc_column_text]<\/p>\n<h4>\u00bfQu\u00e9 puede ser mejor que un escenario original, dise\u00f1ado por artistas de Street Art?<\/h4>\n<p>[\/vc_column_text][vc_column_text css=&#8221;.vc_custom_1606213552908{padding-top: 3% !important;}&#8221;]<\/p>\n<h4>Podemos atender tus llamadas telef\u00f3nicas, simplificar tus obligaciones administrativas y gestionar tu correo.<\/h4>\n<p>[\/vc_column_text][\/vc_column][\/vc_row][vc_row css_animation=&#8221;&#8221; row_type=&#8221;row&#8221; use_row_as_full_screen_section=&#8221;no&#8221; type=&#8221;full_width&#8221; angled_section=&#8221;no&#8221; text_align=&#8221;left&#8221; background_image_as_pattern=&#8221;without_pattern&#8221;][vc_column][vc_separator type=&#8221;transparent&#8221; down=&#8221;25&#8243;][\/vc_column][\/vc_row][vc_row css_animation=&#8221;&#8221; row_type=&#8221;row&#8221; use_row_as_full_screen_section=&#8221;no&#8221; type=&#8221;grid&#8221; angled_section=&#8221;no&#8221; text_align=&#8221;left&#8221; background_image_as_pattern=&#8221;without_pattern&#8221; z_index=&#8221;&#8221;][vc_column width=&#8221;1\/6&#8243;]<span data-type=\"normal\"  class=\"qode_icon_shortcode  q_font_awsome_icon fa-2x pull-right \" style=\" \"><i class=\"qode_icon_font_awesome fa fa-arrow-right qode_icon_element\" style=\"color: #f27620;\" ><\/i><\/span>[\/vc_column][vc_column width=&#8221;5\/6&#8243;][vc_column_text]<\/p>\n<h3><span style=\"color: #f27620;\">Por ejemplo, la domiciliaci\u00f3n de tu empresa, a partir de 40 euros HT al mes.<\/span><\/h3>\n<p>[\/vc_column_text][\/vc_column][\/vc_row][vc_row css_animation=&#8221;&#8221; row_type=&#8221;row&#8221; use_row_as_full_screen_section=&#8221;no&#8221; type=&#8221;full_width&#8221; angled_section=&#8221;no&#8221; text_align=&#8221;left&#8221; background_image_as_pattern=&#8221;without_pattern&#8221;][vc_column][vc_separator type=&#8221;transparent&#8221; down=&#8221;25&#8243; up=&#8221;25&#8243;][\/vc_column][\/vc_row][vc_row css_animation=&#8221;&#8221; row_type=&#8221;row&#8221; use_row_as_full_screen_section=&#8221;yes&#8221; type=&#8221;full_width&#8221; angled_section=&#8221;no&#8221; text_align=&#8221;center&#8221; background_image_as_pattern=&#8221;without_pattern&#8221; z_index=&#8221;&#8221;][vc_column][vc_single_image image=&#8221;16661&#8243; img_size=&#8221;full&#8221; qode_css_animation=&#8221;&#8221;][\/vc_column][\/vc_row][vc_row css_animation=&#8221;&#8221; row_type=&#8221;row&#8221; use_row_as_full_screen_section=&#8221;no&#8221; type=&#8221;full_width&#8221; angled_section=&#8221;no&#8221; text_align=&#8221;left&#8221; background_image_as_pattern=&#8221;without_pattern&#8221;][vc_column][vc_separator type=&#8221;transparent&#8221; down=&#8221;25&#8243; up=&#8221;25&#8243;][\/vc_column][\/vc_row][vc_row css_animation=&#8221;&#8221; row_type=&#8221;row&#8221; use_row_as_full_screen_section=&#8221;no&#8221; type=&#8221;full_width&#8221; angled_section=&#8221;no&#8221; text_align=&#8221;left&#8221; background_image_as_pattern=&#8221;without_pattern&#8221;][vc_column width=&#8221;3\/12&#8243;][\/vc_column][vc_column width=&#8221;7\/12&#8243; css=&#8221;.vc_custom_1606214635692{background-color: #f27620 !important;}&#8221;]<span data-type=\"normal\"  class=\"qode_icon_shortcode  q_font_awsome_icon fa-2x pull-left \" style=\"margin: 0px 15px 0px 0px; \"><i class=\"qode_icon_font_awesome fa fa-arrow-right qode_icon_element\" style=\"color: #ffffff;\" ><\/i><\/span>[vc_column_text css=&#8221;.vc_custom_1607006401313{padding-right: 3% !important;padding-left: 8px !important;}&#8221;]<\/p>\n<h4><strong><em><span style=\"color: #ffffff;\">\u00bfSimplemente quieres compartir un espacio de trabajo, durante unas horas o unos d\u00edas?<\/span><\/em><\/strong><\/h4>\n<p>[\/vc_column_text][vc_column_text css=&#8221;.vc_custom_1606215508321{padding-top: 3% !important;padding-right: 3% !important;padding-left: 40px !important;}&#8221;]<\/p>\n<h4><strong><span style=\"color: #ffffff;\">Aprovecha nuestro espacio de coworking<br \/>\nde lunes a viernes de 9 a 18 horas, a partir de 10 euros por hora (t\u00e9 y caf\u00e9 gratis).<\/span><\/strong><\/h4>\n<p>[\/vc_column_text][vc_single_image image=&#8221;16660&#8243; img_size=&#8221;medium&#8221; alignment=&#8221;center&#8221; qode_css_animation=&#8221;&#8221; css=&#8221;.vc_custom_1606215198583{padding-top: 3% !important;}&#8221;][\/vc_column][vc_column width=&#8221;2\/12&#8243;][\/vc_column][\/vc_row][vc_row css_animation=&#8221;&#8221; row_type=&#8221;row&#8221; use_row_as_full_screen_section=&#8221;no&#8221; type=&#8221;full_width&#8221; angled_section=&#8221;no&#8221; text_align=&#8221;left&#8221; background_image_as_pattern=&#8221;without_pattern&#8221;][vc_column][vc_separator type=&#8221;transparent&#8221; down=&#8221;25&#8243;][\/vc_column][\/vc_row]<\/p>\n<\/div>","protected":false},"excerpt":{"rendered":"<p>[vc_row css_animation=&#8221;&#8221; row_type=&#8221;row&#8221; use_row_as_full_screen_section=&#8221;no&#8221; type=&#8221;full_width&#8221; angled_section=&#8221;no&#8221; text_align=&#8221;left&#8221; background_image_as_pattern=&#8221;without_pattern&#8221;][vc_column offset=&#8221;vc_hidden-sm vc_hidden-xs&#8221;][vc_separator type=&#8221;transparent&#8221; down=&#8221;10&#8243;][\/vc_column][\/vc_row][vc_row css_animation=&#8221;&#8221; row_type=&#8221;row&#8221; use_row_as_full_screen_section=&#8221;yes&#8221; type=&#8221;grid&#8221; angled_section=&#8221;no&#8221; text_align=&#8221;center&#8221; background_image_as_pattern=&#8221;without_pattern&#8221; css=&#8221;.vc_custom_1558944192880{background-color: #f1761e !important;}&#8221; z_index=&#8221;&#8221;][vc_column width=&#8221;1\/6&#8243; offset=&#8221;vc_hidden-sm vc_hidden-xs&#8221;][vc_column_text css=&#8221;.vc_custom_1606224779894{padding-top: 30% !important;padding-right: 0px !important;padding-bottom: 10% !important;padding-left: 0px !important;}&#8221;] Welcome Bees [\/vc_column_text][\/vc_column][vc_column width=&#8221;5\/6&#8243; offset=&#8221;vc_hidden-sm vc_hidden-xs&#8221;][vc_single_image image=&#8221;16656&#8243; img_size=&#8221;full&#8221; qode_css_animation=&#8221;element_from_right&#8221;][\/vc_column][\/vc_row][vc_row css_animation=&#8221;&#8221;&#8230;<\/p>\n","protected":false},"author":5,"featured_media":0,"parent":0,"menu_order":0,"comment_status":"closed","ping_status":"closed","template":"full_width.php","meta":{"footnotes":""},"class_list":["post-16655","page","type-page","status-publish","hentry"],"yoast_head":"<!-- This site is optimized with the Yoast SEO plugin v25.1 - https:\/\/yoast.com\/wordpress\/plugins\/seo\/ -->\n<title>Welcome Bees - The place to Bees<\/title>\n<meta name=\"robots\" content=\"index, follow, max-snippet:-1, max-image-preview:large, max-video-preview:-1\" \/>\n<link rel=\"canonical\" href=\"https:\/\/theplaceto-bees.com\/es\/welcome-bees\/\" \/>\n<meta property=\"og:locale\" content=\"es_ES\" \/>\n<meta property=\"og:type\" content=\"article\" \/>\n<meta property=\"og:title\" content=\"Welcome Bees - The place to Bees\" \/>\n<meta property=\"og:description\" content=\"[vc_row css_animation=&#8221;&#8221; row_type=&#8221;row&#8221; use_row_as_full_screen_section=&#8221;no&#8221; type=&#8221;full_width&#8221; angled_section=&#8221;no&#8221; text_align=&#8221;left&#8221; background_image_as_pattern=&#8221;without_pattern&#8221;][vc_column offset=&#8221;vc_hidden-sm vc_hidden-xs&#8221;][vc_separator type=&#8221;transparent&#8221; down=&#8221;10&#8243;][\/vc_column][\/vc_row][vc_row css_animation=&#8221;&#8221; row_type=&#8221;row&#8221; use_row_as_full_screen_section=&#8221;yes&#8221; type=&#8221;grid&#8221; angled_section=&#8221;no&#8221; text_align=&#8221;center&#8221; background_image_as_pattern=&#8221;without_pattern&#8221; css=&#8221;.vc_custom_1558944192880{background-color: #f1761e !important;}&#8221; z_index=&#8221;&#8221;][vc_column width=&#8221;1\/6&#8243; offset=&#8221;vc_hidden-sm vc_hidden-xs&#8221;][vc_column_text css=&#8221;.vc_custom_1606224779894{padding-top: 30% !important;padding-right: 0px !important;padding-bottom: 10% !important;padding-left: 0px !important;}&#8221;] Welcome Bees [\/vc_column_text][\/vc_column][vc_column width=&#8221;5\/6&#8243; offset=&#8221;vc_hidden-sm vc_hidden-xs&#8221;][vc_single_image image=&#8221;16656&#8243; img_size=&#8221;full&#8221; qode_css_animation=&#8221;element_from_right&#8221;][\/vc_column][\/vc_row][vc_row css_animation=&#8221;&#8221;...\" \/>\n<meta property=\"og:url\" content=\"https:\/\/theplaceto-bees.com\/es\/welcome-bees\/\" \/>\n<meta property=\"og:site_name\" content=\"The place to Bees\" \/>\n<meta property=\"article:modified_time\" content=\"2021-04-06T13:42:18+00:00\" \/>\n<meta name=\"twitter:card\" content=\"summary_large_image\" \/>\n<meta name=\"twitter:label1\" content=\"Tiempo de lectura\" \/>\n\t<meta name=\"twitter:data1\" content=\"3 minutos\" \/>\n<script type=\"application\/ld+json\" class=\"yoast-schema-graph\">{\"@context\":\"https:\/\/schema.org\",\"@graph\":[{\"@type\":\"WebPage\",\"@id\":\"https:\/\/theplaceto-bees.com\/es\/welcome-bees\/\",\"url\":\"https:\/\/theplaceto-bees.com\/es\/welcome-bees\/\",\"name\":\"Welcome Bees - The place to Bees\",\"isPartOf\":{\"@id\":\"https:\/\/theplaceto-bees.com\/#website\"},\"datePublished\":\"2021-04-01T16:39:15+00:00\",\"dateModified\":\"2021-04-06T13:42:18+00:00\",\"breadcrumb\":{\"@id\":\"https:\/\/theplaceto-bees.com\/es\/welcome-bees\/#breadcrumb\"},\"inLanguage\":\"es\",\"potentialAction\":[{\"@type\":\"ReadAction\",\"target\":[\"https:\/\/theplaceto-bees.com\/es\/welcome-bees\/\"]}]},{\"@type\":\"BreadcrumbList\",\"@id\":\"https:\/\/theplaceto-bees.com\/es\/welcome-bees\/#breadcrumb\",\"itemListElement\":[{\"@type\":\"ListItem\",\"position\":1,\"name\":\"Accueil\",\"item\":\"https:\/\/theplaceto-bees.com\/es\/\"},{\"@type\":\"ListItem\",\"position\":2,\"name\":\"Welcome Bees\"}]},{\"@type\":\"WebSite\",\"@id\":\"https:\/\/theplaceto-bees.com\/#website\",\"url\":\"https:\/\/theplaceto-bees.com\/\",\"name\":\"The place to Bees\",\"description\":\"Innover l&#039;entreprise\",\"publisher\":{\"@id\":\"https:\/\/theplaceto-bees.com\/#organization\"},\"potentialAction\":[{\"@type\":\"SearchAction\",\"target\":{\"@type\":\"EntryPoint\",\"urlTemplate\":\"https:\/\/theplaceto-bees.com\/?s={search_term_string}\"},\"query-input\":{\"@type\":\"PropertyValueSpecification\",\"valueRequired\":true,\"valueName\":\"search_term_string\"}}],\"inLanguage\":\"es\"},{\"@type\":\"Organization\",\"@id\":\"https:\/\/theplaceto-bees.com\/#organization\",\"name\":\"The Place to Bees\",\"url\":\"https:\/\/theplaceto-bees.com\/\",\"logo\":{\"@type\":\"ImageObject\",\"inLanguage\":\"es\",\"@id\":\"https:\/\/theplaceto-bees.com\/#\/schema\/logo\/image\/\",\"url\":\"https:\/\/theplaceto-bees.com\/wp-content\/uploads\/2019\/05\/logo_the_place_to_bees_500px.jpg\",\"contentUrl\":\"https:\/\/theplaceto-bees.com\/wp-content\/uploads\/2019\/05\/logo_the_place_to_bees_500px.jpg\",\"width\":500,\"height\":275,\"caption\":\"The Place to Bees\"},\"image\":{\"@id\":\"https:\/\/theplaceto-bees.com\/#\/schema\/logo\/image\/\"}}]}<\/script>\n<!-- \/ Yoast SEO plugin. -->","yoast_head_json":{"title":"Welcome Bees - The place to Bees","robots":{"index":"index","follow":"follow","max-snippet":"max-snippet:-1","max-image-preview":"max-image-preview:large","max-video-preview":"max-video-preview:-1"},"canonical":"https:\/\/theplaceto-bees.com\/es\/welcome-bees\/","og_locale":"es_ES","og_type":"article","og_title":"Welcome Bees - The place to Bees","og_description":"[vc_row css_animation=&#8221;&#8221; row_type=&#8221;row&#8221; use_row_as_full_screen_section=&#8221;no&#8221; type=&#8221;full_width&#8221; angled_section=&#8221;no&#8221; text_align=&#8221;left&#8221; background_image_as_pattern=&#8221;without_pattern&#8221;][vc_column offset=&#8221;vc_hidden-sm vc_hidden-xs&#8221;][vc_separator type=&#8221;transparent&#8221; down=&#8221;10&#8243;][\/vc_column][\/vc_row][vc_row css_animation=&#8221;&#8221; row_type=&#8221;row&#8221; use_row_as_full_screen_section=&#8221;yes&#8221; type=&#8221;grid&#8221; angled_section=&#8221;no&#8221; text_align=&#8221;center&#8221; background_image_as_pattern=&#8221;without_pattern&#8221; css=&#8221;.vc_custom_1558944192880{background-color: #f1761e !important;}&#8221; z_index=&#8221;&#8221;][vc_column width=&#8221;1\/6&#8243; offset=&#8221;vc_hidden-sm vc_hidden-xs&#8221;][vc_column_text css=&#8221;.vc_custom_1606224779894{padding-top: 30% !important;padding-right: 0px !important;padding-bottom: 10% !important;padding-left: 0px !important;}&#8221;] Welcome Bees [\/vc_column_text][\/vc_column][vc_column width=&#8221;5\/6&#8243; offset=&#8221;vc_hidden-sm vc_hidden-xs&#8221;][vc_single_image image=&#8221;16656&#8243; img_size=&#8221;full&#8221; qode_css_animation=&#8221;element_from_right&#8221;][\/vc_column][\/vc_row][vc_row css_animation=&#8221;&#8221;...","og_url":"https:\/\/theplaceto-bees.com\/es\/welcome-bees\/","og_site_name":"The place to Bees","article_modified_time":"2021-04-06T13:42:18+00:00","twitter_card":"summary_large_image","twitter_misc":{"Tiempo de lectura":"3 minutos"},"schema":{"@context":"https:\/\/schema.org","@graph":[{"@type":"WebPage","@id":"https:\/\/theplaceto-bees.com\/es\/welcome-bees\/","url":"https:\/\/theplaceto-bees.com\/es\/welcome-bees\/","name":"Welcome Bees - The place to Bees","isPartOf":{"@id":"https:\/\/theplaceto-bees.com\/#website"},"datePublished":"2021-04-01T16:39:15+00:00","dateModified":"2021-04-06T13:42:18+00:00","breadcrumb":{"@id":"https:\/\/theplaceto-bees.com\/es\/welcome-bees\/#breadcrumb"},"inLanguage":"es","potentialAction":[{"@type":"ReadAction","target":["https:\/\/theplaceto-bees.com\/es\/welcome-bees\/"]}]},{"@type":"BreadcrumbList","@id":"https:\/\/theplaceto-bees.com\/es\/welcome-bees\/#breadcrumb","itemListElement":[{"@type":"ListItem","position":1,"name":"Accueil","item":"https:\/\/theplaceto-bees.com\/es\/"},{"@type":"ListItem","position":2,"name":"Welcome Bees"}]},{"@type":"WebSite","@id":"https:\/\/theplaceto-bees.com\/#website","url":"https:\/\/theplaceto-bees.com\/","name":"The place to Bees","description":"Innover l&#039;entreprise","publisher":{"@id":"https:\/\/theplaceto-bees.com\/#organization"},"potentialAction":[{"@type":"SearchAction","target":{"@type":"EntryPoint","urlTemplate":"https:\/\/theplaceto-bees.com\/?s={search_term_string}"},"query-input":{"@type":"PropertyValueSpecification","valueRequired":true,"valueName":"search_term_string"}}],"inLanguage":"es"},{"@type":"Organization","@id":"https:\/\/theplaceto-bees.com\/#organization","name":"The Place to Bees","url":"https:\/\/theplaceto-bees.com\/","logo":{"@type":"ImageObject","inLanguage":"es","@id":"https:\/\/theplaceto-bees.com\/#\/schema\/logo\/image\/","url":"https:\/\/theplaceto-bees.com\/wp-content\/uploads\/2019\/05\/logo_the_place_to_bees_500px.jpg","contentUrl":"https:\/\/theplaceto-bees.com\/wp-content\/uploads\/2019\/05\/logo_the_place_to_bees_500px.jpg","width":500,"height":275,"caption":"The Place to Bees"},"image":{"@id":"https:\/\/theplaceto-bees.com\/#\/schema\/logo\/image\/"}}]}},"_links":{"self":[{"href":"https:\/\/theplaceto-bees.com\/es\/wp-json\/wp\/v2\/pages\/16655","targetHints":{"allow":["GET"]}}],"collection":[{"href":"https:\/\/theplaceto-bees.com\/es\/wp-json\/wp\/v2\/pages"}],"about":[{"href":"https:\/\/theplaceto-bees.com\/es\/wp-json\/wp\/v2\/types\/page"}],"author":[{"embeddable":true,"href":"https:\/\/theplaceto-bees.com\/es\/wp-json\/wp\/v2\/users\/5"}],"replies":[{"embeddable":true,"href":"https:\/\/theplaceto-bees.com\/es\/wp-json\/wp\/v2\/comments?post=16655"}],"version-history":[{"count":0,"href":"https:\/\/theplaceto-bees.com\/es\/wp-json\/wp\/v2\/pages\/16655\/revisions"}],"wp:attachment":[{"href":"https:\/\/theplaceto-bees.com\/es\/wp-json\/wp\/v2\/media?parent=16655"}],"curies":[{"name":"wp","href":"https:\/\/api.w.org\/{rel}","templated":true}]}}